{"id":7870,"date":"2019-11-26T04:29:34","date_gmt":"2019-11-26T03:29:34","guid":{"rendered":"https:\/\/groupehnn.com\/quienes-somos\/"},"modified":"2024-03-26T13:05:13","modified_gmt":"2024-03-26T12:05:13","slug":"quienes-somos","status":"publish","type":"page","link":"https:\/\/groupehnn.com\/es\/quienes-somos\/","title":{"rendered":"Qui\u00e9nes somos"},"content":{"rendered":"<p>[vc_row][vc_column][stm_spacing lg_spacing=&#8221;30&#8243; md_spacing=&#8221;30&#8243; sm_spacing=&#8221;18&#8243; xs_spacing=&#8221;12&#8243;][vc_custom_heading text=&#8221;QUI\u00c9NES SOMOS&#8221; font_container=&#8221;tag:h2|text_align:center&#8221; use_theme_fonts=&#8221;yes&#8221; css_animation=&#8221;bounceInDown&#8221;][stm_spacing lg_spacing=&#8221;30&#8243; md_spacing=&#8221;30&#8243; sm_spacing=&#8221;18&#8243; xs_spacing=&#8221;12&#8243;][\/vc_column][\/vc_row][vc_row][vc_column width=&#8221;1\/3&#8243;][vc_single_image image=&#8221;7720&#8243; img_size=&#8221;full&#8221; style=&#8221;vc_box_rounded&#8221; css_animation=&#8221;bounceInLeft&#8221;][stm_spacing][\/vc_column][vc_column width=&#8221;2\/3&#8243;][vc_column_text css_animation=&#8221;bounceInRight&#8221;]De forma secuencial y sistem\u00e1tica, cubriendo una gran variedad de campos.<a href=\"https:\/\/groupehnn.com\/es\/quienes-somos\/\"><strong> GROUPE HNN <\/strong><\/a>se ha forjado una imagen de empresa din\u00e1mica que presta servicios de excelente calidad, se preocupa por su entorno y, sobre todo, es humana. Su equipo directivo, ejecutivos y empleados forman una aut\u00e9ntica familia, donde la preocupaci\u00f3n de uno es la preocupaci\u00f3n de todos.<\/p>\n<p>Gracias a una pol\u00edtica de empleo orientada a las competencias de los j\u00f3venes y a una profesionalidad global en sus relaciones con los distintos socios de los <strong>sectores p\u00fablico y<\/strong> privado, el grupo ha podido implantarse activamente en el entorno econ\u00f3mico y social del Reino a trav\u00e9s de una imagen de marca reconocida.[\/vc_column_text][vc_column_text css_animation=&#8221;bounceInUp&#8221;]<\/p>\n<blockquote><p>Todas nuestras acciones, nuestras estrategias y nuestras visiones se basan en un pensamiento y una toma de decisiones participativos y colegiados que anteponen la satisfacci\u00f3n del cliente. El rigor, la capacidad de reacci\u00f3n y la b\u00fasqueda de la innovaci\u00f3n son nuestros principios fundamentales.<\/p><\/blockquote>\n<p>[\/vc_column_text][\/vc_column][\/vc_row][vc_row][vc_column][stm_spacing lg_spacing=&#8221;30&#8243; md_spacing=&#8221;30&#8243; sm_spacing=&#8221;18&#8243; xs_spacing=&#8221;12&#8243;][\/vc_column][\/vc_row][vc_row full_width=&#8221;stretch_row&#8221; css=&#8221;.vc_custom_1569325337153{background-color: #262626 !important;}&#8221;][vc_column css_animation=&#8221;bounceInDown&#8221;][stm_spacing lg_spacing=&#8221;74&#8243; md_spacing=&#8221;65&#8243; sm_spacing=&#8221;60&#8243; xs_spacing=&#8221;50&#8243;][vc_custom_heading text=&#8221;GRUPO HNN&#8221; font_container=&#8221;tag:h2|text_align:center|color:%23ffffff&#8221; use_theme_fonts=&#8221;yes&#8221; css_animation=&#8221;bounceInDown&#8221; el_class=&#8221;hide_indents mobile_align_center&#8221;][stm_spacing lg_spacing=&#8221;50&#8243; md_spacing=&#8221;40&#8243; sm_spacing=&#8221;35&#8243; xs_spacing=&#8221;30&#8243;][stm_services posts_per_page=&#8221;4&#8243; posts_per_row=&#8221;4&#8243; img_size=&#8221;full&#8221; title_color=&#8221;#ffffff&#8221; excerpt_color=&#8221;#d7d7d7&#8243; link_color=&#8221;#ffffff&#8221; category_color=&#8221;#ffffff&#8221;][stm_spacing lg_spacing=&#8221;70&#8243; md_spacing=&#8221;60&#8243; sm_spacing=&#8221;50&#8243; xs_spacing=&#8221;40&#8243;][\/vc_column][\/vc_row][vc_row][vc_column css_animation=&#8221;bounceInUp&#8221;][stm_spacing lg_spacing=&#8221;100&#8243; md_spacing=&#8221;80&#8243; sm_spacing=&#8221;70&#8243; xs_spacing=&#8221;60&#8243;][vc_custom_heading text=&#8221;\u00bfPOR QU\u00c9 ELEGIRNOS?&#8221; font_container=&#8221;tag:h2|text_align:center&#8221; use_theme_fonts=&#8221;yes&#8221; css_animation=&#8221;bounceInDown&#8221;][stm_spacing lg_spacing=&#8221;17&#8243; md_spacing=&#8221;17&#8243; sm_spacing=&#8221;17&#8243; xs_spacing=&#8221;17&#8243;][vc_row_inner][vc_column_inner width=&#8221;1\/2&#8243; offset=&#8221;vc_col-lg-3 vc_col-md-3&#8243;][stm_icon_box icon=&#8221;fas fa-user-check&#8221; icon_size=&#8221;26&#8243; icon_color=&#8221;base&#8221; icon_bg_color=&#8221;secondary_bg&#8221; icon_height=&#8221;60&#8243; title=&#8221;PROFESIONALIDAD&#8221; title_font_size=&#8221;16&#8243; title_line_height=&#8221;22&#8243;]Con su saber hacer, su compromiso y su capacidad de reacci\u00f3n, nuestro personal est\u00e1 plenamente comprometido con su trabajo diario, con el objetivo de dar las respuestas m\u00e1s adecuadas a las necesidades de todos nuestros clientes.[\/stm_icon_box][stm_spacing lg_spacing=&#8221;0&#8243; md_spacing=&#8221;0&#8243; sm_spacing=&#8221;30&#8243; xs_spacing=&#8221;30&#8243;][\/vc_column_inner][vc_column_inner width=&#8221;1\/2&#8243; offset=&#8221;vc_col-lg-3 vc_col-md-3&#8243;][stm_icon_box icon=&#8221;stm-like&#8221; icon_size=&#8221;26&#8243; icon_color=&#8221;base&#8221; icon_bg_color=&#8221;secondary_bg&#8221; icon_height=&#8221;60&#8243; title=&#8221;FIABILIDAD&#8221; title_font_size=&#8221;16&#8243; title_line_height=&#8221;22&#8243;]Se basa en la profesionalidad de nuestros equipos, responsables de la cadena de producci\u00f3n. Garantiza a nuestros clientes la calidad de nuestros servicios y el respeto escrupuloso de nuestros compromisos.[\/stm_icon_box][stm_spacing lg_spacing=&#8221;0&#8243; md_spacing=&#8221;0&#8243; sm_spacing=&#8221;30&#8243; xs_spacing=&#8221;30&#8243;][\/vc_column_inner][vc_column_inner width=&#8221;1\/2&#8243; offset=&#8221;vc_col-lg-3 vc_col-md-3&#8243;][stm_icon_box icon=&#8221;fas fa-assistive-listening-systems&#8221; icon_size=&#8221;26&#8243; icon_color=&#8221;base&#8221; icon_bg_color=&#8221;secondary_bg&#8221; icon_height=&#8221;60&#8243; title=&#8221;ESCUCHA&#8221; title_font_size=&#8221;16&#8243; title_line_height=&#8221;22&#8243;]La satisfacci\u00f3n del cliente es una prioridad para nosotros, y nos esforzamos por ofrecer el mismo coste y calidad de servicio en todos nuestros proyectos.[\/stm_icon_box][stm_spacing lg_spacing=&#8221;0&#8243; md_spacing=&#8221;0&#8243; sm_spacing=&#8221;30&#8243; xs_spacing=&#8221;30&#8243;][\/vc_column_inner][vc_column_inner width=&#8221;1\/2&#8243; offset=&#8221;vc_col-lg-3 vc_col-md-3&#8243;][stm_icon_box icon=&#8221;fas fa-search&#8221; icon_size=&#8221;26&#8243; icon_color=&#8221;base&#8221; icon_bg_color=&#8221;secondary_bg&#8221; icon_height=&#8221;60&#8243; title=&#8221;INVESTIGACI\u00d3N&#8221; title_font_size=&#8221;16&#8243; title_line_height=&#8221;22&#8243;]Buscar la excelencia significa esforzarse por conseguir lo mejor para nuestro Grupo y nuestros clientes. Estamos comprometidos con un proceso de mejora continua de nuestra oferta, nuestros servicios y nuestros m\u00e9todos de trabajo.[\/stm_icon_box][\/vc_column_inner][\/vc_row_inner][stm_spacing lg_spacing=&#8221;100&#8243; md_spacing=&#8221;80&#8243; sm_spacing=&#8221;70&#8243; xs_spacing=&#8221;60&#8243;][\/vc_column][\/vc_row][vc_row full_width=&#8221;stretch_row&#8221; el_class=&#8221;secondary_bg_color&#8221; css=&#8221;.vc_custom_1711335581477{background-image: url(https:\/\/groupehnn.com\/wp-content\/uploads\/2024\/03\/Groupehnn-map-07.png?id=7614) !important;}&#8221;][vc_column][stm_spacing lg_spacing=&#8221;75&#8243; md_spacing=&#8221;65&#8243; sm_spacing=&#8221;55&#8243; xs_spacing=&#8221;50&#8243;][vc_column_text css_animation=&#8221;bounceInLeft&#8221;]<\/p>\n<h2 style=\"text-align: center;\"><span style=\"color: #222222;\">GRUPO <span class=\"line-bg secondary\">HNN<\/span><\/span><br \/>\n<span style=\"color: #ffffff;\">UBICACI\u00d3N DE LAS CIUDADES<\/span><\/h2>\n<p>[\/vc_column_text][vc_single_image image=&#8221;7824&#8243; img_size=&#8221;400&#215;400&#8243; alignment=&#8221;center&#8221; css_animation=&#8221;bounceInDown&#8221;][stm_spacing lg_spacing=&#8221;75&#8243; md_spacing=&#8221;65&#8243; sm_spacing=&#8221;55&#8243; xs_spacing=&#8221;50&#8243;][\/vc_column][\/vc_row][vc_row][vc_column css_animation=&#8221;bounceInLeft&#8221;][vc_column_text]<\/p>\n<p>[\/vc_column_text][\/vc_column][\/vc_row][vc_row css=&#8221;.vc_custom_1549356784354{margin-top: -5px !important;}&#8221;][vc_column css_animation=&#8221;none&#8221; width=&#8221;1\/2&#8243;][stm_spacing lg_spacing=&#8221;71&#8243; md_spacing=&#8221;71&#8243; sm_spacing=&#8221;60&#8243; xs_spacing=&#8221;60&#8243;][vc_custom_heading stripe_pos=&#8221;hide&#8221; text=&#8221;\u00c1REAS DE INTERNACIONALIZACI\u00d3N&#8221; font_container=&#8221;tag:h4|text_align:left&#8221; use_theme_fonts=&#8221;yes&#8221; css_animation=&#8221;bounceInLeft&#8221; el_class=&#8221;secondary_font_color&#8221; css=&#8221;.vc_custom_1711114220327{margin-bottom: 35px !important;}&#8221;][vc_column_text css_animation=&#8221;bounceInLeft&#8221; css=&#8221;.vc_custom_1711114429123{margin-bottom: 28px !important;}&#8221;]<\/p>\n<ul>\n<li><span style=\"color: #777777;\">Instituciones p\u00fablicas\/privadas y financieras<\/span><\/li>\n<li><span style=\"color: #777777;\">F\u00e1brica y edificio industrial<\/span><\/li>\n<li><span style=\"color: #777777;\">Complejos tur\u00edsticos<\/span><\/li>\n<li><span style=\"color: #777777;\">Tiendas, grandes y medianas superficies comerciales<\/span><\/li>\n<li><span style=\"color: #777777;\">Aeropuerto<\/span><\/li>\n<li><span style=\"color: #777777;\">Eventos<\/span><\/li>\n<\/ul>\n<p>[\/vc_column_text][\/vc_column][vc_column width=&#8221;1\/2&#8243;][stm_spacing lg_spacing=&#8221;71&#8243; md_spacing=&#8221;71&#8243; sm_spacing=&#8221;60&#8243; xs_spacing=&#8221;60&#8243;][vc_custom_heading stripe_pos=&#8221;hide&#8221; text=&#8221;GRUPO HNN&#8221; font_container=&#8221;tag:h4|text_align:left&#8221; use_theme_fonts=&#8221;yes&#8221; css_animation=&#8221;bounceInRight&#8221; el_class=&#8221;secondary_font_color&#8221; css=&#8221;.vc_custom_1711114824411{margin-bottom: 35px !important;}&#8221;][vc_tta_accordion style=&#8221;modern&#8221; shape=&#8221;square&#8221; color=&#8221;mulled-wine&#8221; active_section=&#8221;1&#8243; css_animation=&#8221;none&#8221; no_fill=&#8221;true&#8221;][vc_tta_section title=&#8221;GRUPO HNN:&#8221; tab_id=&#8221;1461328856794-2dee9bba-e774&#8243;][vc_column_text css_animation=&#8221;none&#8221;]<a href=\"https:\/\/groupehnn.com\/es\/quienes-somos\/\"><strong>GROUPE HNN <\/strong><\/a>es un grupo especializado en <strong>varios campos<\/strong>. Ofrecemos un paquete completo que incluye asistencia personalizada de alta calidad. Un equipo directivo siempre disponible para garantizar que escuchamos a nuestros clientes y reaccionamos con rapidez, y que somos competentes y eficaces a la hora de <strong>satisfacer sus necesidades<\/strong>.[\/vc_column_text][\/vc_tta_section][vc_tta_section title=&#8221;NUESTRA EXPERIENCIA:&#8221; tab_id=&#8221;1461328897545-6227748f-d226&#8243;][vc_column_text]Nuestra principal ambici\u00f3n es responder a sus preocupaciones ayud\u00e1ndole a prevenir riesgos, encontrar <strong>soluciones adecuadas<\/strong> y aplicar las t\u00e9cnicas apropiadas.<br \/>\nNuestra s\u00f3lida experiencia en <strong>diversos campos<\/strong>, as\u00ed como la formaci\u00f3n de nuestro personal, le dar\u00e1n una confianza incuestionable.[\/vc_column_text][\/vc_tta_section][vc_tta_section title=&#8221;NUESTRA VISI\u00d3N:&#8221; tab_id=&#8221;1461328919259-f69cd27c-5029&#8243;][vc_column_text]Para<a href=\"https:\/\/groupehnn.com\/es\/quienes-somos\/\"><strong> GROUPE HNN <\/strong><\/a>la seguridad es una cuesti\u00f3n de confianza. Esta base indispensable para las relaciones se refleja en el compromiso permanente de prestar servicios dentro de un marco legal y reconocido.<br \/>\nPor eso no concebimos este negocio sin el asesoramiento y la atenci\u00f3n necesarios para satisfacer sus expectativas. Adem\u00e1s, nos comprometemos a prestarle servicios de calidad, cumpliendo nuestra misi\u00f3n con puntualidad, disponibilidad, discreci\u00f3n y confidencialidad.[\/vc_column_text][\/vc_tta_section][\/vc_tta_accordion][stm_spacing lg_spacing=&#8221;77&#8243; md_spacing=&#8221;77&#8243; sm_spacing=&#8221;60&#8243; xs_spacing=&#8221;60&#8243;][\/vc_column][\/vc_row][vc_row full_width=&#8221;stretch_row&#8221; css=&#8221;.vc_custom_1700438542031{margin-bottom: -60px !important;background-image: url(https:\/\/groupehnn.com\/wp-content\/uploads\/2023\/11\/Ardiconsulting-Accueil1.jpg?id=7270) !important;background-position: center !important;background-repeat: no-repeat !important;background-size: cover !important;}&#8221;][vc_column][stm_spacing lg_spacing=&#8221;100&#8243; md_spacing=&#8221;80&#8243; sm_spacing=&#8221;70&#8243; xs_spacing=&#8221;60&#8243;][vc_custom_heading stripe_pos=&#8221;hide&#8221; text=&#8221;\u00daNETE A NUESTRO EQUIPO&#8221; font_container=&#8221;tag:h2|text_align:center|color:%23ffffff&#8221; use_theme_fonts=&#8221;yes&#8221; css_animation=&#8221;bounceInDown&#8221; el_class=&#8221;hide_indents&#8221;][stm_spacing lg_spacing=&#8221;20&#8243; md_spacing=&#8221;20&#8243; sm_spacing=&#8221;20&#8243; xs_spacing=&#8221;10&#8243;][vc_row_inner][vc_column_inner width=&#8221;1\/6&#8243;][\/vc_column_inner][vc_column_inner width=&#8221;2\/3&#8243;][vc_column_text css_animation=&#8221;bounceInUp&#8221;]<\/p>\n<p style=\"text-align: center;\"><span style=\"color: #ffffff;\">Buscamos profesionales proactivos con amplios conocimientos empresariales y un alto nivel de compromiso personal para unirse a nuestro equipo. Env\u00ede su CV ahora.<\/span><\/p>\n<p>[\/vc_column_text][\/vc_column_inner][vc_column_inner width=&#8221;1\/6&#8243;][\/vc_column_inner][\/vc_row_inner][stm_spacing lg_spacing=&#8221;50&#8243; md_spacing=&#8221;40&#8243; sm_spacing=&#8221;30&#8243; xs_spacing=&#8221;30&#8243;][vc_btn title=&#8221;SOLICITAR&#8221; style=&#8221;flat&#8221; color=&#8221;theme_style_1&#8243; align=&#8221;center&#8221; link=&#8221;url:https%3A%2F%2Fgroupehnn.com%2Fes%2Fcontratacion%2F|title:Solicitar%20servicios|&#8221;][stm_spacing lg_spacing=&#8221;100&#8243; md_spacing=&#8221;80&#8243; sm_spacing=&#8221;70&#8243; xs_spacing=&#8221;60&#8243;][\/vc_column][\/vc_row]<\/p>\n","protected":false},"excerpt":{"rendered":"<p>[vc_row][vc_column][stm_spacing lg_spacing=&#8221;30&#8243; md_spacing=&#8221;30&#8243; sm_spacing=&#8221;18&#8243; xs_spacing=&#8221;12&#8243;][vc_custom_heading text=&#8221;QUI\u00c9NES SOMOS&#8221; font_container=&#8221;tag:h2|text_align:center&#8221; use_theme_fonts=&#8221;yes&#8221; css_animation=&#8221;bounceInDown&#8221;][stm_spacing lg_spacing=&#8221;30&#8243; md_spacing=&#8221;30&#8243; sm_spacing=&#8221;18&#8243; xs_spacing=&#8221;12&#8243;][\/vc_column][\/vc_row][vc_row][vc_column width=&#8221;1\/3&#8243;][vc_single_image image=&#8221;7720&#8243; img_size=&#8221;full&#8221; style=&#8221;vc_box_rounded&#8221; css_animation=&#8221;bounceInLeft&#8221;][stm_spacing][\/vc_column][vc_column width=&#8221;2\/3&#8243;][vc_column_text css_animation=&#8221;bounceInRight&#8221;]De forma secuencial y sistem\u00e1tica, cubriendo una gran variedad de campos. GROUPE HNN se ha forjado una imagen de empresa din\u00e1mica que presta servicios de excelente calidad, se preocupa por su entorno y, sobre todo,<\/p>\n","protected":false},"author":1,"featured_media":0,"parent":0,"menu_order":0,"comment_status":"closed","ping_status":"closed","template":"","meta":{"footnotes":""},"class_list":["post-7870","page","type-page","status-publish","hentry"],"aioseo_notices":[],"_links":{"self":[{"href":"https:\/\/groupehnn.com\/es\/wp-json\/wp\/v2\/pages\/7870","targetHints":{"allow":["GET"]}}],"collection":[{"href":"https:\/\/groupehnn.com\/es\/wp-json\/wp\/v2\/pages"}],"about":[{"href":"https:\/\/groupehnn.com\/es\/wp-json\/wp\/v2\/types\/page"}],"author":[{"embeddable":true,"href":"https:\/\/groupehnn.com\/es\/wp-json\/wp\/v2\/users\/1"}],"replies":[{"embeddable":true,"href":"https:\/\/groupehnn.com\/es\/wp-json\/wp\/v2\/comments?post=7870"}],"version-history":[{"count":6,"href":"https:\/\/groupehnn.com\/es\/wp-json\/wp\/v2\/pages\/7870\/revisions"}],"predecessor-version":[{"id":8196,"href":"https:\/\/groupehnn.com\/es\/wp-json\/wp\/v2\/pages\/7870\/revisions\/8196"}],"wp:attachment":[{"href":"https:\/\/groupehnn.com\/es\/wp-json\/wp\/v2\/media?parent=7870"}],"curies":[{"name":"wp","href":"https:\/\/api.w.org\/{rel}","templated":true}]}}