{"id":7862,"date":"2019-11-20T10:07:25","date_gmt":"2019-11-20T09:07:25","guid":{"rendered":"https:\/\/groupehnn.com\/nuestros-servicios\/"},"modified":"2024-03-29T10:56:26","modified_gmt":"2024-03-29T09:56:26","slug":"nuestros-servicios","status":"publish","type":"page","link":"https:\/\/groupehnn.com\/es\/nuestros-servicios\/","title":{"rendered":"Servicios"},"content":{"rendered":"<p>[vc_row css_animation=&#8221;bounceInDown&#8221;][vc_column][stm_spacing lg_spacing=&#8221;30&#8243; md_spacing=&#8221;30&#8243; sm_spacing=&#8221;18&#8243; xs_spacing=&#8221;12&#8243;][vc_custom_heading text=&#8221;NUESTROS SERVICIOS&#8221; font_container=&#8221;tag:h2|text_align:center&#8221; use_theme_fonts=&#8221;yes&#8221; css_animation=&#8221;bounceInDown&#8221;][stm_spacing lg_spacing=&#8221;30&#8243; md_spacing=&#8221;30&#8243; sm_spacing=&#8221;18&#8243; xs_spacing=&#8221;12&#8243;][vc_row_inner][vc_column_inner width=&#8221;1\/3&#8243;][stm_icon_box icon=&#8221;stm-security&#8221; style=&#8221;icon_left&#8221; icon_size=&#8221;21&#8243; icon_color=&#8221;base&#8221; icon_bg_color=&#8221;secondary_bg&#8221; icon_width=&#8221;70&#8243; title=&#8221;SEGURIDAD&#8221;]En<a href=\"https:\/\/groupehnn.com\/es\/service\/empresa-h-n-n-security\/\"><strong> HNN SEGURIDAD <\/strong><\/a>ofrecemos servicios profesionales de <strong>vigilancia<\/strong> para satisfacer las <strong>necesidades de seguridad<\/strong> de nuestros clientes&#8230;[\/stm_icon_box][\/vc_column_inner][vc_column_inner width=&#8221;1\/3&#8243;][stm_icon_box title_color=&#8221;secondary&#8221; icon=&#8221;stm-nokia_outline&#8221; style=&#8221;icon_left&#8221; icon_size=&#8221;21&#8243; icon_color=&#8221;base&#8221; icon_bg_color=&#8221;secondary_bg&#8221; icon_width=&#8221;70&#8243; title=&#8221;INTERINO&#8221;]En<a href=\"https:\/\/groupehnn.com\/en\/service\/h-n-i-interim\/\"><strong> HNI INTERIM <\/strong><\/a>ofrecemos una amplia gama de puestos de trabajo en <strong>agricultura<\/strong>, <strong>paisajismo<\/strong>, <strong>obras<\/strong> p\u00fablicas y <strong>transporte<\/strong>&#8230;[\/stm_icon_box][\/vc_column_inner][vc_column_inner width=&#8221;1\/3&#8243;][stm_icon_box title_color=&#8221;secondary&#8221; icon=&#8221;fas fa-user-plus&#8221; style=&#8221;icon_left&#8221; icon_size=&#8221;21&#8243; icon_color=&#8221;base&#8221; icon_bg_color=&#8221;secondary_bg&#8221; icon_width=&#8221;70&#8243; title=&#8221;CONTRATACI\u00d3N&#8221;]<strong>Una entrevista personalizada<\/strong> para ayudarte a sacar el m\u00e1ximo partido a tu proyecto: cu\u00e9ntanos qu\u00e9 quieres y c\u00f3mo quieres desarrollarte.[\/stm_icon_box][\/vc_column_inner][\/vc_row_inner][stm_spacing lg_spacing=&#8221;40&#8243; md_spacing=&#8221;40&#8243; sm_spacing=&#8221;30&#8243; xs_spacing=&#8221;30&#8243;][vc_row_inner][vc_column_inner width=&#8221;1\/3&#8243;][stm_icon_box title_color=&#8221;secondary&#8221; icon=&#8221;fas fa-bus&#8221; style=&#8221;icon_left&#8221; icon_size=&#8221;21&#8243; icon_color=&#8221;base&#8221; icon_bg_color=&#8221;secondary_bg&#8221; icon_width=&#8221;70&#8243; title=&#8221;TRANSPORTE DE PERSONAL&#8221;]En<a href=\"https:\/\/groupehnn.com\/en\/service\/aigle-saharien-travel\/\"><strong> AIGLE SAHARIEN TRAVEL <\/strong><\/a>trabajamos con instituciones y empresas para ayudar a su personal a desplazarse&#8230;[\/stm_icon_box][\/vc_column_inner][vc_column_inner width=&#8221;1\/3&#8243;][stm_icon_box icon=&#8221;fas fa-snowplow&#8221; style=&#8221;icon_left&#8221; icon_size=&#8221;21&#8243; icon_color=&#8221;base&#8221; icon_bg_color=&#8221;secondary_bg&#8221; icon_width=&#8221;70&#8243; title=&#8221;LIMPIEZA INDUSTRIAL&#8221;]<a href=\"https:\/\/groupehnn.com\/en\/service\/dlimi-services\/\"><strong>SERVICIOS DLIMI <\/strong><\/a>estar\u00e1 encantado de ofrecerle un servicio de <strong>limpieza industrial<\/strong> <strong>de calidad<\/strong>. Nuestro equipo est\u00e1 formado por&#8230;[\/stm_icon_box][\/vc_column_inner][vc_column_inner width=&#8221;1\/3&#8243;][stm_icon_box icon=&#8221;fas fa-broom&#8221; style=&#8221;icon_left&#8221; icon_size=&#8221;21&#8243; icon_color=&#8221;base&#8221; icon_bg_color=&#8221;secondary_bg&#8221; icon_width=&#8221;70&#8243; title=&#8221;LIMPIEZA ADMINISTRATIVA&#8221;]<strong>Un equipo de profesionales<\/strong> al servicio de sus instalaciones. Al confiarnos la <strong>gesti\u00f3n, el mantenimiento y la limpieza <\/strong>de su comunidad&#8230;[\/stm_icon_box][\/vc_column_inner][\/vc_row_inner][stm_spacing lg_spacing=&#8221;40&#8243; md_spacing=&#8221;40&#8243; sm_spacing=&#8221;30&#8243; xs_spacing=&#8221;30&#8243;][vc_row_inner][vc_column_inner width=&#8221;1\/3&#8243;][stm_icon_box title_color=&#8221;secondary&#8221; icon=&#8221;fab fa-pagelines&#8221; style=&#8221;icon_left&#8221; icon_size=&#8221;21&#8243; icon_color=&#8221;base&#8221; icon_bg_color=&#8221;secondary_bg&#8221; icon_width=&#8221;70&#8243; title=&#8221;JARDINER\u00cdA&#8221;]En <a href=\"https:\/\/groupehnn.com\/en\/service\/dlimi-services\/\"><strong>SERVICIOS DLIMI <\/strong><\/a>dise\u00f1a jardines y patios al aire libre para empresas y particulares&#8230;[\/stm_icon_box][\/vc_column_inner][vc_column_inner width=&#8221;1\/3&#8243;][stm_icon_box icon=&#8221;fas fa-users&#8221; style=&#8221;icon_left&#8221; icon_size=&#8221;21&#8243; icon_color=&#8221;base&#8221; icon_bg_color=&#8221;secondary_bg&#8221; icon_width=&#8221;70&#8243; title=&#8221;FACILITA LA GESTI\u00d3N&#8221;]<a href=\"https:\/\/groupehnn.com\/en\/service\/dlimi-services\/\"><strong>SERVICIOS DLIMI <\/strong><\/a>proveedor e instalador de seguridad e ingenier\u00eda el\u00e9ctrica, c\u00e1maras, alarmas, sistemas de control de acceso&#8230;[\/stm_icon_box][\/vc_column_inner][vc_column_inner width=&#8221;1\/3&#8243;][stm_icon_box icon=&#8221;fas fa-business-time&#8221; style=&#8221;icon_left&#8221; icon_size=&#8221;21&#8243; icon_color=&#8221;base&#8221; icon_bg_color=&#8221;secondary_bg&#8221; icon_width=&#8221;70&#8243; title=&#8221;SERVICIOS 5D&#8221;]Conf\u00edenos la DESMOUSTIFICACI\u00d3N &#8211; DERATISACI\u00d3N &#8211; DESINFECCI\u00d3N &#8211; DESBARRADO de su local comercial&#8230;[\/stm_icon_box][\/vc_column_inner][\/vc_row_inner][stm_spacing lg_spacing=&#8221;40&#8243; md_spacing=&#8221;40&#8243; sm_spacing=&#8221;30&#8243; xs_spacing=&#8221;30&#8243;][\/vc_column][\/vc_row][vc_row full_width=&#8221;stretch_row&#8221; el_class=&#8221;secondary_bg_color&#8221; css=&#8221;.vc_custom_1710555181356{padding-top: 57px !important;padding-bottom: 59px !important;}&#8221;][vc_column width=&#8221;1\/2&#8243; offset=&#8221;vc_col-lg-3 vc_col-md-3 vc_col-xs-12&#8243;][stm_stats_counter stat_counter_style=&#8221;style_2&#8243; counter_value=&#8221;2551&#8243; description=&#8221;Projets Compl\u00e9t\u00e9&#8221;][\/vc_column][vc_column width=&#8221;1\/2&#8243; offset=&#8221;vc_col-lg-3 vc_col-md-3 vc_col-xs-12&#8243;][stm_stats_counter stat_counter_style=&#8221;style_2&#8243; counter_value=&#8221;1750&#8243; description=&#8221;Ouvriers Employ\u00e9&#8221;][\/vc_column][vc_column width=&#8221;1\/2&#8243; offset=&#8221;vc_col-lg-3 vc_col-md-3 vc_col-xs-12&#8243;][stm_stats_counter stat_counter_style=&#8221;style_2&#8243; counter_value=&#8221;27&#8243; description=&#8221;Primes Gagnant&#8221;][\/vc_column][vc_column width=&#8221;1\/2&#8243; offset=&#8221;vc_col-lg-3 vc_col-md-3 vc_col-xs-12&#8243;][stm_stats_counter stat_counter_style=&#8221;style_2&#8243; counter_value=&#8221;100&#8243; counter_value_suf=&#8221;%&#8221; description=&#8221;Clients Satisfaits&#8221;][\/vc_column][\/vc_row][vc_row css_animation=&#8221;bounceInLeft&#8221; css=&#8221;.vc_custom_1711367636863{margin-bottom: 90px !important;}&#8221;][vc_column offset=&#8221;vc_col-lg-6 vc_col-md-12&#8243;][stm_spacing lg_spacing=&#8221;50px&#8221;][vc_custom_heading text=&#8221;NUESTRA EXPERIENCIA&#8221; font_container=&#8221;tag:h3|text_align:left&#8221; use_theme_fonts=&#8221;yes&#8221; css=&#8221;.vc_custom_1711131963171{margin-bottom: 29px !important;}&#8221;][vc_column_text css=&#8221;.vc_custom_1711455179995{margin-bottom: 25px !important;}&#8221; el_class=&#8221;under_none&#8221;]<\/p>\n<h6 style=\"line-height: 26px;\">Dar a nuestros clientes actuales y futuros el mejor servicio posible,<a href=\"https:\/\/groupehnn.com\/es\/quienes-somos\/\"><strong> GROUPE HNN <\/strong><\/a>trabaja diligentemente para:<\/h6>\n<p>[\/vc_column_text][vc_column_text]<\/p>\n<ul>\n<li><span style=\"line-height: 22px;\">Analizaremos sus necesidades y trabajaremos con usted para desarrollar soluciones eficaces y a medida.<\/span><\/li>\n<li>Ponemos nuestra experiencia y nuestros conocimientos a su servicio.<\/li>\n<li>Estar presente y disponible para ti en todo momento.<\/li>\n<li>Ofrecerle una &#8220;satisfacci\u00f3n \u00f3ptima&#8221; con un servicio de calidad.<\/li>\n<\/ul>\n<p>[\/vc_column_text][vc_column_text css=&#8221;.vc_custom_1711132127832{margin-bottom: 25px !important;}&#8221; el_class=&#8221;under_none&#8221;]<\/p>\n<h6 style=\"line-height: 26px;\">Nuestra principal ambici\u00f3n es responder a sus preocupaciones ayud\u00e1ndole a prevenir riesgos, encontrar soluciones adecuadas y aplicar las t\u00e9cnicas apropiadas.<\/h6>\n<p>[\/vc_column_text][\/vc_column][vc_column width=&#8221;1\/3&#8243; css=&#8221;.vc_custom_1485759922503{padding-right: 0px !important;padding-left: 0px !important;}&#8221; offset=&#8221;vc_col-lg-2 vc_col-md-4 vc_col-xs-12&#8243;][stm_spacing lg_spacing=&#8221;50px&#8221;][vc_pie value=&#8221;80&#8243; label_value=&#8221;80&#8243; color=&#8221;custom&#8221; title=&#8221;Formaci\u00f3n y supervisi\u00f3n&#8221; units=&#8221;%&#8221; css=&#8221;.vc_custom_1710555211950{padding-top: 45px !important;}&#8221; custom_color=&#8221;#ea212e&#8221;][\/vc_column][vc_column width=&#8221;1\/3&#8243; css=&#8221;.vc_custom_1485759931037{padding-right: 0px !important;padding-left: 0px !important;}&#8221; offset=&#8221;vc_col-lg-2 vc_col-md-4 vc_col-xs-12&#8243;][stm_spacing lg_spacing=&#8221;50px&#8221;][vc_pie label_value=&#8221;50&#8243; color=&#8221;custom&#8221; title=&#8221;Estudios t\u00e9cnicos&#8221; units=&#8221;%&#8221; custom_color=&#8221;#ea212e&#8221; css=&#8221;.vc_custom_1710555222645{padding-top: 45px !important;}&#8221;][vc_pie label_value=&#8221;50&#8243; color=&#8221;custom&#8221; title=&#8221;Asistencia t\u00e9cnica&#8221; units=&#8221;%&#8221; custom_color=&#8221;#ea212e&#8221; css=&#8221;.vc_custom_1710555247573{padding-top: 45px !important;}&#8221;][\/vc_column][vc_column width=&#8221;1\/3&#8243; css=&#8221;.vc_custom_1485759938903{padding-right: 0px !important;padding-left: 0px !important;}&#8221; offset=&#8221;vc_col-lg-2 vc_col-md-4 vc_col-xs-12&#8243;][stm_spacing lg_spacing=&#8221;50px&#8221;][vc_pie value=&#8221;25&#8243; label_value=&#8221;25&#8243; color=&#8221;custom&#8221; title=&#8221;Elaboraci\u00f3n de planos&#8221; units=&#8221;%&#8221; custom_color=&#8221;#ea212e&#8221; css=&#8221;.vc_custom_1710555234423{padding-top: 45px !important;}&#8221;][\/vc_column][\/vc_row][vc_row][vc_column][vc_column_text]<\/p>\n<p>[\/vc_column_text][\/vc_column][\/vc_row][vc_row full_width=&#8221;stretch_row&#8221; css=&#8221;.vc_custom_1710558443170{background-color: #ea212e !important;}&#8221;][vc_column][stm_spacing lg_spacing=&#8221;29&#8243; md_spacing=&#8221;25&#8243; sm_spacing=&#8221;20&#8243; xs_spacing=&#8221;20&#8243;][vc_cta h2=&#8221;&#8221; h2_font_container=&#8221;tag:h2|font_size:28px|text_align:left|color:%23ffffff|line_height:34px&#8221; h2_use_theme_fonts=&#8221;yes&#8221; h4_font_container=&#8221;tag:h2|font_size:28px|text_align:left|color:%23ffffff|line_height:34px&#8221; h4_google_fonts=&#8221;font_family:Montserrat%3Aregular%2C700|font_style:700%20bold%20regular%3A700%3Anormal&#8221; shape=&#8221;square&#8221; style=&#8221;flat&#8221; add_button=&#8221;right&#8221; btn_title=&#8221;P\u00f3ngase en contacto con nosotros&#8221; btn_style=&#8221;flat&#8221; btn_color=&#8221;theme_style_4&#8243; btn_size=&#8221;lg&#8221; btn_i_align=&#8221;right&#8221; btn_i_icon_fontawesome=&#8221;stm-circuit_big&#8221; css_animation=&#8221;bounceInUp&#8221; use_custom_fonts_h2=&#8221;true&#8221; use_custom_fonts_h4=&#8221;true&#8221; btn_add_icon=&#8221;true&#8221; css=&#8221;.vc_custom_1711367673938{background-color: #ea212e !important;}&#8221; btn_link=&#8221;url:https%3A%2F%2Fgroupehnn.com%2Fcontactez-nous%2F|title:P%C3%B3ngase%20en%20contacto%20con%20nosotros|&#8221;]<\/p>\n<h3><span style=\"color: #ffffff;\"><strong>GROUPE HNN A SU SERVICIO<br \/>\n<span class=\"line-bg base\">\u00bfA qu\u00e9 esperas? P\u00f3ngase en contacto con nosotros<\/span><\/strong><\/span><\/h3>\n<p>[\/vc_cta][stm_spacing lg_spacing=&#8221;17&#8243; md_spacing=&#8221;10&#8243; sm_spacing=&#8221;5&#8243; xs_spacing=&#8221;5&#8243;][\/vc_column][\/vc_row][vc_row][vc_column][vc_column_text]<\/p>\n<p>[\/vc_column_text][\/vc_column][\/vc_row][vc_row full_width=&#8221;stretch_row_content_no_spaces&#8221; css_animation=&#8221;bounceInUp&#8221; css=&#8221;.vc_custom_1711367757633{margin-bottom: -60px !important;}&#8221;][vc_column][vc_gmaps link=&#8221;#E-8_JTNDaWZyYW1lJTIwc3JjJTNEJTIyaHR0cHMlM0ElMkYlMkZ3d3cuZ29vZ2xlLmNvbSUyRm1hcHMlMkZlbWJlZCUzRnBiJTNEJTIxMW0xNCUyMTFtOCUyMTFtMyUyMTFkMTQyMDAuMDkxNzM5OTcwNDElMjEyZC0xMy4yMDcxNzA4JTIxM2QyNy4xNTU1Njg2JTIxM20yJTIxMWkxMDI0JTIxMmk3NjglMjE0ZjEzLjElMjEzbTMlMjExbTIlMjExczB4YzM3NzNkZTQzOWVjNGJiJTI1M0EweGE1Y2YwNzM1NjY0ZTE5ZTglMjEyc0dST1VQRSUyNTIwSE5OJTIxNWUwJTIxM20yJTIxMXNmciUyMTJzJTIxNHYxNzEwNTU0NDc3MTI5JTIxNW0yJTIxMXNmciUyMTJzJTIyJTIwd2lkdGglM0QlMjI2MDAlMjIlMjBoZWlnaHQlM0QlMjI0NTAlMjIlMjBzdHlsZSUzRCUyMmJvcmRlciUzQTAlM0IlMjIlMjBhbGxvd2Z1bGxzY3JlZW4lM0QlMjIlMjIlMjBsb2FkaW5nJTNEJTIybGF6eSUyMiUyMHJlZmVycmVycG9saWN5JTNEJTIybm8tcmVmZXJyZXItd2hlbi1kb3duZ3JhZGUlMjIlM0UlM0MlMkZpZnJhbWUlM0U=&#8221;][\/vc_column][\/vc_row][vc_row][vc_column][vc_column_text][\/vc_column_text][\/vc_column][\/vc_row]<\/p>\n","protected":false},"excerpt":{"rendered":"<p>[vc_row css_animation=&#8221;bounceInDown&#8221;][vc_column][stm_spacing lg_spacing=&#8221;30&#8243; md_spacing=&#8221;30&#8243; sm_spacing=&#8221;18&#8243; xs_spacing=&#8221;12&#8243;][vc_custom_heading text=&#8221;NUESTROS SERVICIOS&#8221; font_container=&#8221;tag:h2|text_align:center&#8221; use_theme_fonts=&#8221;yes&#8221; css_animation=&#8221;bounceInDown&#8221;][stm_spacing lg_spacing=&#8221;30&#8243; md_spacing=&#8221;30&#8243; sm_spacing=&#8221;18&#8243; xs_spacing=&#8221;12&#8243;][vc_row_inner][vc_column_inner width=&#8221;1\/3&#8243;][stm_icon_box icon=&#8221;stm-security&#8221; style=&#8221;icon_left&#8221; icon_size=&#8221;21&#8243; icon_color=&#8221;base&#8221; icon_bg_color=&#8221;secondary_bg&#8221; icon_width=&#8221;70&#8243; title=&#8221;SEGURIDAD&#8221;]En HNN SEGURIDAD ofrecemos servicios profesionales de vigilancia para satisfacer las necesidades de seguridad de nuestros clientes&#8230;[\/stm_icon_box][\/vc_column_inner][vc_column_inner width=&#8221;1\/3&#8243;][stm_icon_box title_color=&#8221;secondary&#8221; icon=&#8221;stm-nokia_outline&#8221; style=&#8221;icon_left&#8221; icon_size=&#8221;21&#8243; icon_color=&#8221;base&#8221; icon_bg_color=&#8221;secondary_bg&#8221; icon_width=&#8221;70&#8243; title=&#8221;INTERINO&#8221;]En HNI INTERIM ofrecemos una amplia gama de<\/p>\n","protected":false},"author":1,"featured_media":0,"parent":0,"menu_order":0,"comment_status":"closed","ping_status":"closed","template":"","meta":{"footnotes":""},"class_list":["post-7862","page","type-page","status-publish","hentry"],"aioseo_notices":[],"_links":{"self":[{"href":"https:\/\/groupehnn.com\/es\/wp-json\/wp\/v2\/pages\/7862","targetHints":{"allow":["GET"]}}],"collection":[{"href":"https:\/\/groupehnn.com\/es\/wp-json\/wp\/v2\/pages"}],"about":[{"href":"https:\/\/groupehnn.com\/es\/wp-json\/wp\/v2\/types\/page"}],"author":[{"embeddable":true,"href":"https:\/\/groupehnn.com\/es\/wp-json\/wp\/v2\/users\/1"}],"replies":[{"embeddable":true,"href":"https:\/\/groupehnn.com\/es\/wp-json\/wp\/v2\/comments?post=7862"}],"version-history":[{"count":8,"href":"https:\/\/groupehnn.com\/es\/wp-json\/wp\/v2\/pages\/7862\/revisions"}],"predecessor-version":[{"id":8211,"href":"https:\/\/groupehnn.com\/es\/wp-json\/wp\/v2\/pages\/7862\/revisions\/8211"}],"wp:attachment":[{"href":"https:\/\/groupehnn.com\/es\/wp-json\/wp\/v2\/media?parent=7862"}],"curies":[{"name":"wp","href":"https:\/\/api.w.org\/{rel}","templated":true}]}}